{"id":192,"date":"2020-01-14T10:11:12","date_gmt":"2020-01-14T09:11:12","guid":{"rendered":"http:\/\/gostilnaravbar.com\/casa\/"},"modified":"2026-01-30T20:58:46","modified_gmt":"2026-01-30T19:58:46","slug":"casa","status":"publish","type":"page","link":"https:\/\/gostilnaravbar.com\/it\/","title":{"rendered":"Casa"},"content":{"rendered":"\n\n\t\t<h2>\n\t\t\t\t\t\t\t\t\t\t\tGOSTILNA RAVBAR\n\t\t<\/h2>\n\t<a href=\"#kontakt\" target=\"_self\" role=\"button\" aria-label=\"CONTATTO\" rel=\"noopener\">\n\t\t\t\t\t\tCONTATTO\n\t\t\t\t\t<\/a>\n\t<h3>Le prenotazioni lunedi, martedi e mercoledi -&gt; via email info@gostilnaravbar.com<br \/>\nNegli altri giorni anche telefonicamente<\/h3>\n\t<p>Na\u0161o gostilno najdete pod protitur\u0161kim Taborom. \u017divimo in delamo na kra\u0161kem pode\u017eelju, kar se odra\u017ea tudi na na\u0161em jedilniku, ki je pester in spremenljiv kot letni \u010dasi.<\/p>\n<h5>Na Krasu se vse vrti okoli\u00a0<strong>pr\u0161uta<\/strong>, zato z njim za\u010dnemo. Za testenine smo \u017ee pravi mojstri, saj lahko izbirate med\u00a0<strong>kaneloni, ravioli, rezanci.<\/strong>..<\/h5>\n<p>Tu so \u0161e\u00a0<strong>\u0161truklji\u00a0<\/strong>in seveda\u00a0<strong>njoki.<\/strong>\u00a0Brez\u00a0<strong>pe\u010denih tele\u010djih kra\u010d in jan\u010dka<\/strong>\u00a0ne gre. Konec je vedno dober, za kar poskrbijo na\u0161i\u00a0<strong>orehovi \u0161truklji,<\/strong>\u00a0&#8220;pa\u0161takrema&#8221;, figova pita, \u010dokoladni mousse&#8230;<\/p>\n<p>To\u010dimo izvrsten\u00a0<strong>kra\u0161ki teran<\/strong>, ki ga pridelujemo sami in obilico izbranih\u00a0<strong>buteljk primorskih vinogradnikov.<\/strong><\/p>\n<p>Gostje se pri nas po\u010dutijo doma \u017ee\u00a0<a href=\"\/o-nas\/\" target=\"_blank\" rel=\"noopener\">136 let<\/a>!<\/p>\n<p>&nbsp;<\/p>\n<p>Gostilna Ravbar, Dutovlje, Kras.<\/p>\n\t\t\t\t<a\n\t\t\thref=\"https:\/\/gostilnaravbar.com\/wp-content\/uploads\/2019\/11\/1f65330a-856e-4a26-a555-95238637aa34.jpg\"\n\t\t\t\t\t\tdata-fancybox=\"images\" \n\t\t\ttitle=\"1f65330a-856e-4a26-a555-95238637aa34\" \n\t\t\t\t\t\tdata-caption=\"\"\n\t\t\t\t\t\tdata-description=\"\" \n\t\t\titemprop=\"contentUrl\">\n\t\t\t<img loading=\"lazy\" src=\"https:\/\/gostilnaravbar.com\/wp-content\/uploads\/2019\/11\/1f65330a-856e-4a26-a555-95238637aa34.jpg\" alt=\"\" data-no-lazy=\"1\" itemprop=\"thumbnail\" width=\"440\" height=\"330\" \/>\n\t\t\t<!-- Overlay Wrapper -->\n\t\t\t <!-- Overlay Wrapper Closed -->\n\t\t\t\t<\/a>\n\t\t\t\t\t\t\t<meta itemprop=\"width\" content=\"440\" \/>\n\t\t\t<meta itemprop=\"height\" content=\"330\" \/>\n\t\t\t\t<a\n\t\t\thref=\"https:\/\/gostilnaravbar.com\/wp-content\/uploads\/2019\/11\/1e633b0e-c2bd-4bcf-b99f-082d2db8bced.jpg\"\n\t\t\t\t\t\tdata-fancybox=\"images\" \n\t\t\ttitle=\"1e633b0e-c2bd-4bcf-b99f-082d2db8bced\" \n\t\t\t\t\t\tdata-caption=\"\"\n\t\t\t\t\t\tdata-description=\"\" \n\t\t\titemprop=\"contentUrl\">\n\t\t\t<img loading=\"lazy\" src=\"https:\/\/gostilnaravbar.com\/wp-content\/uploads\/2019\/11\/1e633b0e-c2bd-4bcf-b99f-082d2db8bced.jpg\" alt=\"\" data-no-lazy=\"1\" itemprop=\"thumbnail\" width=\"440\" height=\"330\" \/>\n\t\t\t<!-- Overlay Wrapper -->\n\t\t\t <!-- Overlay Wrapper Closed -->\n\t\t\t\t<\/a>\n\t\t\t\t\t\t\t<meta itemprop=\"width\" content=\"440\" \/>\n\t\t\t<meta itemprop=\"height\" content=\"330\" \/>\n\t\t\t\t<a\n\t\t\thref=\"https:\/\/gostilnaravbar.com\/wp-content\/uploads\/2019\/11\/aa3049c2-5bad-40cc-84c7-e181789b48f3.jpg\"\n\t\t\t\t\t\tdata-fancybox=\"images\" \n\t\t\ttitle=\"aa3049c2-5bad-40cc-84c7-e181789b48f3\" \n\t\t\t\t\t\tdata-caption=\"\"\n\t\t\t\t\t\tdata-description=\"\" \n\t\t\titemprop=\"contentUrl\">\n\t\t\t<img loading=\"lazy\" src=\"https:\/\/gostilnaravbar.com\/wp-content\/uploads\/2019\/11\/aa3049c2-5bad-40cc-84c7-e181789b48f3.jpg\" alt=\"\" data-no-lazy=\"1\" itemprop=\"thumbnail\" width=\"440\" height=\"330\" \/>\n\t\t\t<!-- Overlay Wrapper -->\n\t\t\t <!-- Overlay Wrapper Closed -->\n\t\t\t\t<\/a>\n\t\t\t\t\t\t\t<meta itemprop=\"width\" content=\"440\" \/>\n\t\t\t<meta itemprop=\"height\" content=\"330\" \/>\n\t\t\t\t<a\n\t\t\thref=\"https:\/\/gostilnaravbar.com\/wp-content\/uploads\/2019\/11\/d04e8dd5-b88a-4830-bc4b-01e12cb325d5.jpg\"\n\t\t\t\t\t\tdata-fancybox=\"images\" \n\t\t\ttitle=\"d04e8dd5-b88a-4830-bc4b-01e12cb325d5\" \n\t\t\t\t\t\tdata-caption=\"\"\n\t\t\t\t\t\tdata-description=\"\" \n\t\t\titemprop=\"contentUrl\">\n\t\t\t<img loading=\"lazy\" src=\"https:\/\/gostilnaravbar.com\/wp-content\/uploads\/2019\/11\/d04e8dd5-b88a-4830-bc4b-01e12cb325d5.jpg\" alt=\"\" data-no-lazy=\"1\" itemprop=\"thumbnail\" width=\"440\" height=\"330\" \/>\n\t\t\t<!-- Overlay Wrapper -->\n\t\t\t <!-- Overlay Wrapper Closed -->\n\t\t\t\t<\/a>\n\t\t\t\t\t\t\t<meta itemprop=\"width\" content=\"440\" \/>\n\t\t\t<meta itemprop=\"height\" content=\"330\" \/>\n\t\t<h2>\n\t\t\tCHI SIAMO\n\t\t<\/h2>\n\t\t\tLa nostra locanda ha aperto le porte il 16 agosto 1888 con Ravbar Ivan da Voglje e Viktorija da Mavhinje. Lui ha contribuito con un terzo dell&#8217;indennit\u00e0 ricevuta da sua madre e suo fratello e lei con due mucche, ricevute come dote. Con ci\u00f2 si formarono le condizioni adatte per il lavoro, dando inizia la nostra storia.\nIvan e Viktorija hanno avuto 10 figli. Uno di loro, Janko, ha ereditato il mestiere ed ha continuato a farlo con successo insieme a sua moglie Marija anche durante le guerre e nel periodo dopoguerra.\nQuando suo figlio Vladimir ha ereditato il mestiere, lui e sua moglie Darinka hanno ristrutturato gli spazi e attratto numerosi ospiti triestini con le loro cosce di vitello e gli gnocchi.\nAdesso, Ivan e sua moglie Nata\u0161a conservano il legame con il passato, sia in cucina che nelle altre camere. Talvolta insistono con lo stile classico modernizzato. La sorella Alica si occupa dell&#8217;aspetto delle sale da pranzo e del benessere degli ospiti. In pi\u00f9, tra poco sar\u00e0 la volta della quinta generazione della famiglia Ravbar&#8230;\t\t\n\t\t<h2>\n\t\t\tTEMPO DI LAVORO\n\t\t<\/h2>\n\t\t\t<p><strong>Gioved\u00ec:<\/strong> 11 &#8211; 16<strong>Venerd\u00ec:<\/strong> 11 &#8211; 16<strong>Sabato:<\/strong>\u00a011 &#8211; 16, 18 &#8211; 22<strong>Domenica:<\/strong>\u00a011 &#8211; 16, 18 &#8211; 22<\/p>\t\t\n\t\t<h2>Inchiesta<\/h2>\n\t\tInviaci un messaggio e saremo felici di risponderti al pi\u00f9 presto!\n\t\t\t<a href=\"https:\/\/gostilnaravbar.com\/kontakt\" target=\"_self\" role=\"button\" rel=\"noopener\">\n\t\t\t\t\t\t\tCONTATTO\n\t\t\t\t\t<\/a>\n<form>\n\t<input type=\"hidden\" name=\"fl-layout-id\" value=\"192\" \/>\n\t    \t<h3>CONTATTO<\/h3>\n    \t\t<label for=\"pp-name-\">Nome<\/label>\n    \t\tInserisci il tuo nome.\n    \t\t<input type=\"text\" name=\"pp-name\" id=\"pp-name-\" value=\"\" placeholder=\"Nome\"  \/>\n    \t\t<label for=\"pp-email-\">E-mail<\/label>\n    \t\tSi prega di inserire un indirizzo email valido.\n    \t\t<input type=\"email\" name=\"pp-email\" id=\"pp-email-\" value=\"\" placeholder=\"E-mail\"  \/>\n    \t\t<label for=\"pp-phone-\">Telefono<\/label>\n    \t\tSi prega di inserire un numero di telefono valido.\n    \t\t<input type=\"tel\" name=\"pp-phone\" id=\"pp-phone-\" value=\"\" placeholder=\"Telefono\"  \/>\n    \t\t<label for=\"pp-message-\">Messagio<\/label>\n    \t\tPlease type your message.\n    \t\t<textarea name=\"pp-message\" id=\"pp-message-\" placeholder=\"Messagio\"><\/textarea>\n    \t<a href=\"#\" target=\"_self\" role=\"button\" rel=\"noopener\">\n    \t\t    \t\t    \t\tInvia\n    \t\t    \t\t    \t<\/a>\n\t\t\tMessage failed. Please try again.\n<\/form>\n   Grazie per il messaggio, ti risponderemo al pi\u00f9 presto! <\/ P>\n\t<iframe src=\"https:\/\/www.google.com\/maps\/embed\/v1\/place?q=Dol+pri+Vogljah+5%2C+6221+Dutovlje%2C+Slovenia&#038;key=AIzaSyD09zQ9PNDNNy9TadMuzRV_UsPUoWKntt8\" aria-hidden=\"true\"><\/iframe>\n\n","protected":false},"excerpt":{"rendered":"<p>GOSTILNA RAVBAR CONTATTO Le prenotazioni lunedi, martedi e mercoledi -&gt; via email info@gostilnaravbar.com Negli altri giorni anche telefonicamente Na\u0161o gostilno najdete pod protitur\u0161kim Taborom. \u017divimo in delamo na kra\u0161kem pode\u017eelju, kar se odra\u017ea tudi na na\u0161em jedilniku, ki je pester in spremenljiv kot letni \u010dasi. Na Krasu se vse vrti okoli\u00a0pr\u0161uta, zato z njim za\u010dnemo.&hellip;<\/p>\n","protected":false},"author":1,"featured_media":0,"parent":0,"menu_order":0,"comment_status":"closed","ping_status":"closed","template":"","meta":[],"yoast_head":"<!-- This site is optimized with the Yoast SEO plugin v19.7.2 - https:\/\/yoast.com\/wordpress\/plugins\/seo\/ -->\n<title>Casa - Gostilna Ravbar 1888<\/title>\n<meta name=\"description\" content=\"Trattoria Ravbar - sul Carso tutto ruota attorno il prosciutto, perci\u00f2 iniziamo da esso. Per quanto riguarda la pasta, siamo diventati dei maestri...\" \/>\n<meta name=\"robots\" content=\"index, follow, max-snippet:-1, max-image-preview:large, max-video-preview:-1\" \/>\n<link rel=\"canonical\" href=\"https:\/\/gostilnaravbar.com\/it\/\" \/>\n<meta property=\"og:locale\" content=\"it_IT\" \/>\n<meta property=\"og:type\" content=\"article\" \/>\n<meta property=\"og:title\" content=\"Casa - Gostilna Ravbar 1888\" \/>\n<meta property=\"og:description\" content=\"Trattoria Ravbar - sul Carso tutto ruota attorno il prosciutto, perci\u00f2 iniziamo da esso. Per quanto riguarda la pasta, siamo diventati dei maestri...\" \/>\n<meta property=\"og:url\" content=\"https:\/\/gostilnaravbar.com\/it\/\" \/>\n<meta property=\"og:site_name\" content=\"Gostilna Ravbar 1888\" \/>\n<meta property=\"article:modified_time\" content=\"2026-01-30T19:58:46+00:00\" \/>\n<meta property=\"og:image\" content=\"https:\/\/gostilnaravbar.com\/wp-content\/uploads\/2019\/11\/1f65330a-856e-4a26-a555-95238637aa34.jpg\" \/>\n<meta name=\"twitter:card\" content=\"summary_large_image\" \/>\n<script type=\"application\/ld+json\" class=\"yoast-schema-graph\">{\"@context\":\"https:\/\/schema.org\",\"@graph\":[{\"@type\":\"WebPage\",\"@id\":\"https:\/\/gostilnaravbar.com\/it\/\",\"url\":\"https:\/\/gostilnaravbar.com\/it\/\",\"name\":\"Casa - Gostilna Ravbar 1888\",\"isPartOf\":{\"@id\":\"https:\/\/gostilnaravbar.com\/#website\"},\"datePublished\":\"2020-01-14T09:11:12+00:00\",\"dateModified\":\"2026-01-30T19:58:46+00:00\",\"description\":\"Trattoria Ravbar - sul Carso tutto ruota attorno il prosciutto, perci\u00f2 iniziamo da esso. Per quanto riguarda la pasta, siamo diventati dei maestri...\",\"breadcrumb\":{\"@id\":\"https:\/\/gostilnaravbar.com\/it\/#breadcrumb\"},\"inLanguage\":\"it-IT\",\"potentialAction\":[{\"@type\":\"ReadAction\",\"target\":[\"https:\/\/gostilnaravbar.com\/it\/\"]}]},{\"@type\":\"BreadcrumbList\",\"@id\":\"https:\/\/gostilnaravbar.com\/it\/#breadcrumb\",\"itemListElement\":[{\"@type\":\"ListItem\",\"position\":1,\"name\":\"Home\",\"item\":\"https:\/\/gostilnaravbar.com\/it\/\"},{\"@type\":\"ListItem\",\"position\":2,\"name\":\"Casa\"}]},{\"@type\":\"WebSite\",\"@id\":\"https:\/\/gostilnaravbar.com\/#website\",\"url\":\"https:\/\/gostilnaravbar.com\/\",\"name\":\"Gostilna Ravbar 1888\",\"description\":\"Dutovlje, Kras\",\"potentialAction\":[{\"@type\":\"SearchAction\",\"target\":{\"@type\":\"EntryPoint\",\"urlTemplate\":\"https:\/\/gostilnaravbar.com\/?s={search_term_string}\"},\"query-input\":\"required name=search_term_string\"}],\"inLanguage\":\"it-IT\"}]}<\/script>\n<!-- \/ Yoast SEO plugin. -->","yoast_head_json":{"title":"Casa - Gostilna Ravbar 1888","description":"Trattoria Ravbar - sul Carso tutto ruota attorno il prosciutto, perci\u00f2 iniziamo da esso. Per quanto riguarda la pasta, siamo diventati dei maestri...","robots":{"index":"index","follow":"follow","max-snippet":"max-snippet:-1","max-image-preview":"max-image-preview:large","max-video-preview":"max-video-preview:-1"},"canonical":"https:\/\/gostilnaravbar.com\/it\/","og_locale":"it_IT","og_type":"article","og_title":"Casa - Gostilna Ravbar 1888","og_description":"Trattoria Ravbar - sul Carso tutto ruota attorno il prosciutto, perci\u00f2 iniziamo da esso. Per quanto riguarda la pasta, siamo diventati dei maestri...","og_url":"https:\/\/gostilnaravbar.com\/it\/","og_site_name":"Gostilna Ravbar 1888","article_modified_time":"2026-01-30T19:58:46+00:00","og_image":[{"url":"https:\/\/gostilnaravbar.com\/wp-content\/uploads\/2019\/11\/1f65330a-856e-4a26-a555-95238637aa34.jpg"}],"twitter_card":"summary_large_image","schema":{"@context":"https:\/\/schema.org","@graph":[{"@type":"WebPage","@id":"https:\/\/gostilnaravbar.com\/it\/","url":"https:\/\/gostilnaravbar.com\/it\/","name":"Casa - Gostilna Ravbar 1888","isPartOf":{"@id":"https:\/\/gostilnaravbar.com\/#website"},"datePublished":"2020-01-14T09:11:12+00:00","dateModified":"2026-01-30T19:58:46+00:00","description":"Trattoria Ravbar - sul Carso tutto ruota attorno il prosciutto, perci\u00f2 iniziamo da esso. Per quanto riguarda la pasta, siamo diventati dei maestri...","breadcrumb":{"@id":"https:\/\/gostilnaravbar.com\/it\/#breadcrumb"},"inLanguage":"it-IT","potentialAction":[{"@type":"ReadAction","target":["https:\/\/gostilnaravbar.com\/it\/"]}]},{"@type":"BreadcrumbList","@id":"https:\/\/gostilnaravbar.com\/it\/#breadcrumb","itemListElement":[{"@type":"ListItem","position":1,"name":"Home","item":"https:\/\/gostilnaravbar.com\/it\/"},{"@type":"ListItem","position":2,"name":"Casa"}]},{"@type":"WebSite","@id":"https:\/\/gostilnaravbar.com\/#website","url":"https:\/\/gostilnaravbar.com\/","name":"Gostilna Ravbar 1888","description":"Dutovlje, Kras","potentialAction":[{"@type":"SearchAction","target":{"@type":"EntryPoint","urlTemplate":"https:\/\/gostilnaravbar.com\/?s={search_term_string}"},"query-input":"required name=search_term_string"}],"inLanguage":"it-IT"}]}},"_links":{"self":[{"href":"https:\/\/gostilnaravbar.com\/it\/wp-json\/wp\/v2\/pages\/192"}],"collection":[{"href":"https:\/\/gostilnaravbar.com\/it\/wp-json\/wp\/v2\/pages"}],"about":[{"href":"https:\/\/gostilnaravbar.com\/it\/wp-json\/wp\/v2\/types\/page"}],"author":[{"embeddable":true,"href":"https:\/\/gostilnaravbar.com\/it\/wp-json\/wp\/v2\/users\/1"}],"replies":[{"embeddable":true,"href":"https:\/\/gostilnaravbar.com\/it\/wp-json\/wp\/v2\/comments?post=192"}],"version-history":[{"count":35,"href":"https:\/\/gostilnaravbar.com\/it\/wp-json\/wp\/v2\/pages\/192\/revisions"}],"predecessor-version":[{"id":528,"href":"https:\/\/gostilnaravbar.com\/it\/wp-json\/wp\/v2\/pages\/192\/revisions\/528"}],"wp:attachment":[{"href":"https:\/\/gostilnaravbar.com\/it\/wp-json\/wp\/v2\/media?parent=192"}],"curies":[{"name":"wp","href":"https:\/\/api.w.org\/{rel}","templated":true}]}}