{"id":483,"date":"2025-07-11T15:07:52","date_gmt":"2025-07-11T14:07:52","guid":{"rendered":"https:\/\/gostilnaravbar.com\/useful-information\/"},"modified":"2025-07-11T15:24:49","modified_gmt":"2025-07-11T14:24:49","slug":"useful-information","status":"publish","type":"page","link":"https:\/\/gostilnaravbar.com\/en\/useful-information\/","title":{"rendered":"Useful information"},"content":{"rendered":"\n<p><b>Koristne informacije<\/b><\/p>\n<p>Nudimo veliko parkiri\u0161\u010de. Imamo gugalnice in majhno nogometno igri\u0161\u010de za otroke. Toaletni prostori so prilagojeni osebam z omejeno mobilnostjo. Psi so dovoljeni.<\/p>\n<p><b>Na voljo imamo razli\u010dne prostore:<\/b><\/p>\n<ul>\n<li><b>Velika soba<\/b> &#8211; primerna za do <b>30 oseb<\/b>.<\/li>\n<li><b>Soba s kaminom<\/b> &#8211; prijetno vzdu\u0161je za do <b>20 oseb<\/b>.<\/li>\n<li><b>Dve manj\u0161i zasebni sobi<\/b> &#8211; za <b>6<\/b> oziroma <b>10 oseb<\/b>, idealni za poslovna kosila ali intimna sre\u010danja.<\/li>\n<li><b>To\u010dilnica<\/b> &#8211; za do <b>10 oseb<\/b>.<\/li>\n<\/ul>\n<p>Na\u0161a gostilna je primerna tudi za razli\u010dna praznovanja, poslovna kosila in druge skupinske dogodke. Sprejemamo skupine do 35 oseb.<\/p>\n","protected":false},"excerpt":{"rendered":"<p>Koristne informacije Nudimo veliko parkiri\u0161\u010de. Imamo gugalnice in majhno nogometno igri\u0161\u010de za otroke. Toaletni prostori so prilagojeni osebam z omejeno mobilnostjo. Psi so dovoljeni. Na voljo imamo razli\u010dne prostore: Velika soba &#8211; primerna za do 30 oseb. Soba s kaminom &#8211; prijetno vzdu\u0161je za do 20 oseb. Dve manj\u0161i zasebni sobi &#8211; za 6 oziroma&hellip;<\/p>\n","protected":false},"author":2,"featured_media":0,"parent":0,"menu_order":2,"comment_status":"closed","ping_status":"closed","template":"","meta":[],"yoast_head":"<!-- This site is optimized with the Yoast SEO plugin v19.7.2 - https:\/\/yoast.com\/wordpress\/plugins\/seo\/ -->\n<title>Useful information - Gostilna Ravbar 1888<\/title>\n<meta name=\"robots\" content=\"index, follow, max-snippet:-1, max-image-preview:large, max-video-preview:-1\" \/>\n<link rel=\"canonical\" href=\"https:\/\/gostilnaravbar.com\/en\/useful-information\/\" \/>\n<meta property=\"og:locale\" content=\"en_US\" \/>\n<meta property=\"og:type\" content=\"article\" \/>\n<meta property=\"og:title\" content=\"Useful information - Gostilna Ravbar 1888\" \/>\n<meta property=\"og:description\" content=\"Koristne informacije Nudimo veliko parkiri\u0161\u010de. Imamo gugalnice in majhno nogometno igri\u0161\u010de za otroke. Toaletni prostori so prilagojeni osebam z omejeno mobilnostjo. Psi so dovoljeni. Na voljo imamo razli\u010dne prostore: Velika soba &#8211; primerna za do 30 oseb. Soba s kaminom &#8211; prijetno vzdu\u0161je za do 20 oseb. Dve manj\u0161i zasebni sobi &#8211; za 6 oziroma&hellip;\" \/>\n<meta property=\"og:url\" content=\"https:\/\/gostilnaravbar.com\/en\/useful-information\/\" \/>\n<meta property=\"og:site_name\" content=\"Gostilna Ravbar 1888\" \/>\n<meta property=\"article:modified_time\" content=\"2025-07-11T14:24:49+00:00\" \/>\n<meta name=\"twitter:card\" content=\"summary_large_image\" \/>\n<script type=\"application\/ld+json\" class=\"yoast-schema-graph\">{\"@context\":\"https:\/\/schema.org\",\"@graph\":[{\"@type\":\"WebPage\",\"@id\":\"https:\/\/gostilnaravbar.com\/en\/useful-information\/\",\"url\":\"https:\/\/gostilnaravbar.com\/en\/useful-information\/\",\"name\":\"Useful information - Gostilna Ravbar 1888\",\"isPartOf\":{\"@id\":\"https:\/\/gostilnaravbar.com\/#website\"},\"datePublished\":\"2025-07-11T14:07:52+00:00\",\"dateModified\":\"2025-07-11T14:24:49+00:00\",\"breadcrumb\":{\"@id\":\"https:\/\/gostilnaravbar.com\/en\/useful-information\/#breadcrumb\"},\"inLanguage\":\"en-US\",\"potentialAction\":[{\"@type\":\"ReadAction\",\"target\":[\"https:\/\/gostilnaravbar.com\/en\/useful-information\/\"]}]},{\"@type\":\"BreadcrumbList\",\"@id\":\"https:\/\/gostilnaravbar.com\/en\/useful-information\/#breadcrumb\",\"itemListElement\":[{\"@type\":\"ListItem\",\"position\":1,\"name\":\"Home\",\"item\":\"https:\/\/gostilnaravbar.com\/en\/\"},{\"@type\":\"ListItem\",\"position\":2,\"name\":\"Useful information\"}]},{\"@type\":\"WebSite\",\"@id\":\"https:\/\/gostilnaravbar.com\/#website\",\"url\":\"https:\/\/gostilnaravbar.com\/\",\"name\":\"Gostilna Ravbar 1888\",\"description\":\"Dutovlje, Kras\",\"potentialAction\":[{\"@type\":\"SearchAction\",\"target\":{\"@type\":\"EntryPoint\",\"urlTemplate\":\"https:\/\/gostilnaravbar.com\/?s={search_term_string}\"},\"query-input\":\"required name=search_term_string\"}],\"inLanguage\":\"en-US\"}]}<\/script>\n<!-- \/ Yoast SEO plugin. -->","yoast_head_json":{"title":"Useful information - Gostilna Ravbar 1888","robots":{"index":"index","follow":"follow","max-snippet":"max-snippet:-1","max-image-preview":"max-image-preview:large","max-video-preview":"max-video-preview:-1"},"canonical":"https:\/\/gostilnaravbar.com\/en\/useful-information\/","og_locale":"en_US","og_type":"article","og_title":"Useful information - Gostilna Ravbar 1888","og_description":"Koristne informacije Nudimo veliko parkiri\u0161\u010de. Imamo gugalnice in majhno nogometno igri\u0161\u010de za otroke. Toaletni prostori so prilagojeni osebam z omejeno mobilnostjo. Psi so dovoljeni. Na voljo imamo razli\u010dne prostore: Velika soba &#8211; primerna za do 30 oseb. Soba s kaminom &#8211; prijetno vzdu\u0161je za do 20 oseb. Dve manj\u0161i zasebni sobi &#8211; za 6 oziroma&hellip;","og_url":"https:\/\/gostilnaravbar.com\/en\/useful-information\/","og_site_name":"Gostilna Ravbar 1888","article_modified_time":"2025-07-11T14:24:49+00:00","twitter_card":"summary_large_image","schema":{"@context":"https:\/\/schema.org","@graph":[{"@type":"WebPage","@id":"https:\/\/gostilnaravbar.com\/en\/useful-information\/","url":"https:\/\/gostilnaravbar.com\/en\/useful-information\/","name":"Useful information - Gostilna Ravbar 1888","isPartOf":{"@id":"https:\/\/gostilnaravbar.com\/#website"},"datePublished":"2025-07-11T14:07:52+00:00","dateModified":"2025-07-11T14:24:49+00:00","breadcrumb":{"@id":"https:\/\/gostilnaravbar.com\/en\/useful-information\/#breadcrumb"},"inLanguage":"en-US","potentialAction":[{"@type":"ReadAction","target":["https:\/\/gostilnaravbar.com\/en\/useful-information\/"]}]},{"@type":"BreadcrumbList","@id":"https:\/\/gostilnaravbar.com\/en\/useful-information\/#breadcrumb","itemListElement":[{"@type":"ListItem","position":1,"name":"Home","item":"https:\/\/gostilnaravbar.com\/en\/"},{"@type":"ListItem","position":2,"name":"Useful information"}]},{"@type":"WebSite","@id":"https:\/\/gostilnaravbar.com\/#website","url":"https:\/\/gostilnaravbar.com\/","name":"Gostilna Ravbar 1888","description":"Dutovlje, Kras","potentialAction":[{"@type":"SearchAction","target":{"@type":"EntryPoint","urlTemplate":"https:\/\/gostilnaravbar.com\/?s={search_term_string}"},"query-input":"required name=search_term_string"}],"inLanguage":"en-US"}]}},"_links":{"self":[{"href":"https:\/\/gostilnaravbar.com\/en\/wp-json\/wp\/v2\/pages\/483"}],"collection":[{"href":"https:\/\/gostilnaravbar.com\/en\/wp-json\/wp\/v2\/pages"}],"about":[{"href":"https:\/\/gostilnaravbar.com\/en\/wp-json\/wp\/v2\/types\/page"}],"author":[{"embeddable":true,"href":"https:\/\/gostilnaravbar.com\/en\/wp-json\/wp\/v2\/users\/2"}],"replies":[{"embeddable":true,"href":"https:\/\/gostilnaravbar.com\/en\/wp-json\/wp\/v2\/comments?post=483"}],"version-history":[{"count":1,"href":"https:\/\/gostilnaravbar.com\/en\/wp-json\/wp\/v2\/pages\/483\/revisions"}],"predecessor-version":[{"id":484,"href":"https:\/\/gostilnaravbar.com\/en\/wp-json\/wp\/v2\/pages\/483\/revisions\/484"}],"wp:attachment":[{"href":"https:\/\/gostilnaravbar.com\/en\/wp-json\/wp\/v2\/media?parent=483"}],"curies":[{"name":"wp","href":"https:\/\/api.w.org\/{rel}","templated":true}]}}